{"id":1510,"date":"2022-06-08T13:25:35","date_gmt":"2022-06-08T13:25:35","guid":{"rendered":"https:\/\/www.dh-energy.ch\/privacy-policy\/"},"modified":"2023-02-20T14:51:40","modified_gmt":"2023-02-20T14:51:40","slug":"privacy-policy","status":"publish","type":"page","link":"https:\/\/www.dh-energy.ch\/en\/privacy-policy\/","title":{"rendered":"Privacy Policy"},"content":{"rendered":"<p>[et_pb_section fb_built=&#8221;1&#8243; _builder_version=&#8221;4.18.0&#8243; _module_preset=&#8221;default&#8221; global_colors_info=&#8221;{}&#8221;][et_pb_row _builder_version=&#8221;4.18.0&#8243; _module_preset=&#8221;default&#8221; global_colors_info=&#8221;{}&#8221;][et_pb_column type=&#8221;4_4&#8243; _builder_version=&#8221;4.18.0&#8243; _module_preset=&#8221;default&#8221; global_colors_info=&#8221;{}&#8221;][et_pb_text _builder_version=&#8221;4.18.0&#8243; _module_preset=&#8221;default&#8221; hover_enabled=&#8221;0&#8243; global_colors_info=&#8221;{}&#8221; sticky_enabled=&#8221;0&#8243;]<\/p>\n<h1>Privacy Policy<\/h1>\n<p>[\/et_pb_text][et_pb_text _builder_version=&#8221;4.18.0&#8243; _module_preset=&#8221;default&#8221; hover_enabled=&#8221;0&#8243; global_colors_info=&#8221;{}&#8221; sticky_enabled=&#8221;0&#8243;]<\/p>\n<p>Die Adresse unserer Website ist: https:\/\/www.dh-energy.ch.<\/p>\n<h3><strong>Kontaktformulare<\/strong><\/h3>\n<p>Die Daten der Kontaktformulare werden verwendet, um die Kontaktaufnahme zu erm\u00f6glichen, die mitgelieferten Daten werden in keinster Weise gespeichert oder archiviert.<\/p>\n<h3><strong>Cookies<\/strong><\/h3>\n<p>Wenn Sie einen Kommentar auf unserer Website schreiben, kann das eine Einwilligung sein, Ihren Namen, E-Mail-Adresse und Website in Cookies zu speichern. Dies ist eine Komfortfunktion, damit Sie nicht, wenn Sie einen weiteren Kommentar schreiben, all diese Daten erneut eingeben m\u00fcssen. Diese Cookies werden ein Jahr lang gespeichert.<\/p>\n<p>Falls Sie ein Konto haben und Sie sich auf dieser Website anmelden, werden wir ein tempor\u00e4res Cookie setzen, um festzustellen, ob Ihr Browser Cookies akzeptiert. Dieses Cookie enth\u00e4lt keine personenbezogenen Daten und wird verworfen, wenn Sie Ihren Browser schliessen.<\/p>\n<p>Wenn Sie sich anmelden, werden wir einige Cookies einrichten, um Ihre Anmeldeinformationen und Anzeigeoptionen zu speichern. Anmelde-Cookies verfallen nach zwei Tagen und Cookies f\u00fcr die Anzeigeoptionen nach einem Jahr. Falls Sie bei der Anmeldung \u201eAngemeldet bleiben\u201c ausw\u00e4hlen, wird Ihre Anmeldung zwei Wochen lang aufrechterhalten. Mit der Abmeldung aus Ihrem Konto werden die Anmelde-Cookies gel\u00f6scht.<\/p>\n<p>Wenn Sie einen Artikel bearbeiten oder ver\u00f6ffentlichen, wird ein zus\u00e4tzlicher Cookie in Ihrem Browser gespeichert. Dieser Cookie enth\u00e4lt keine personenbezogenen Daten und verweist nur auf die Beitrags-ID des Artikels, den Sie gerade bearbeitet haben. Der Cookie verf\u00e4llt nach einem Tag.<\/p>\n<h3><strong>Eingebettete Inhalte von anderen Websites<\/strong><\/h3>\n<p>Beitr\u00e4ge auf dieser Website k\u00f6nnen eingebettete Inhalte beinhalten (z.\u00a0B. Videos, Bilder, Beitr\u00e4ge etc.). Eingebettete Inhalte von anderen Websites verhalten sich exakt so, als ob der Besucher die andere Website besucht h\u00e4tte.<\/p>\n<p>Diese Websites k\u00f6nnen Daten \u00fcber Sie sammeln, Cookies benutzen, zus\u00e4tzliche Tracking-Dienste von Dritten einbetten und Ihre Interaktion mit diesem eingebetteten Inhalt aufzeichnen, inklusive Ihrer Interaktion mit dem eingebetteten Inhalt, falls Sie ein Konto haben und auf dieser Website angemeldet sind.<\/p>\n<p>[\/et_pb_text][\/et_pb_column][\/et_pb_row][\/et_pb_section]<\/p>\n","protected":false},"excerpt":{"rendered":"<p>Privacy PolicyDie Adresse unserer Website ist: https:\/\/www.dh-energy.ch. Kontaktformulare Die Daten der Kontaktformulare werden verwendet, um die Kontaktaufnahme zu erm\u00f6glichen, die mitgelieferten Daten werden in keinster Weise gespeichert oder archiviert. Cookies Wenn Sie einen Kommentar auf unserer Website schreiben, kann das eine Einwilligung sein, Ihren Namen, E-Mail-Adresse und Website in Cookies zu speichern. Dies ist eine [&hellip;]<\/p>\n","protected":false},"author":1,"featured_media":0,"parent":0,"menu_order":0,"comment_status":"closed","ping_status":"open","template":"","meta":{"_et_pb_use_builder":"on","_et_pb_old_content":"","_et_gb_content_width":"","footnotes":""},"class_list":["post-1510","page","type-page","status-publish","hentry"],"yoast_head":"<!-- This site is optimized with the Yoast SEO plugin v27.4 - https:\/\/yoast.com\/product\/yoast-seo-wordpress\/ -->\n<title>Privacy Policy - DH-Energy<\/title>\n<meta name=\"robots\" content=\"index, follow, max-snippet:-1, max-image-preview:large, max-video-preview:-1\" \/>\n<link rel=\"canonical\" href=\"https:\/\/www.dh-energy.ch\/en\/privacy-policy\/\" \/>\n<meta property=\"og:locale\" content=\"en_US\" \/>\n<meta property=\"og:type\" content=\"article\" \/>\n<meta property=\"og:title\" content=\"Privacy Policy - DH-Energy\" \/>\n<meta property=\"og:description\" content=\"Privacy PolicyDie Adresse unserer Website ist: https:\/\/www.dh-energy.ch. Kontaktformulare Die Daten der Kontaktformulare werden verwendet, um die Kontaktaufnahme zu erm\u00f6glichen, die mitgelieferten Daten werden in keinster Weise gespeichert oder archiviert. Cookies Wenn Sie einen Kommentar auf unserer Website schreiben, kann das eine Einwilligung sein, Ihren Namen, E-Mail-Adresse und Website in Cookies zu speichern. Dies ist eine [&hellip;]\" \/>\n<meta property=\"og:url\" content=\"https:\/\/www.dh-energy.ch\/en\/privacy-policy\/\" \/>\n<meta property=\"og:site_name\" content=\"DH-Energy\" \/>\n<meta property=\"article:modified_time\" content=\"2023-02-20T14:51:40+00:00\" \/>\n<meta name=\"twitter:card\" content=\"summary_large_image\" \/>\n<meta name=\"twitter:label1\" content=\"Est. reading time\" \/>\n\t<meta name=\"twitter:data1\" content=\"2 minutes\" \/>\n<script type=\"application\/ld+json\" class=\"yoast-schema-graph\">{\"@context\":\"https:\\\/\\\/schema.org\",\"@graph\":[{\"@type\":\"WebPage\",\"@id\":\"https:\\\/\\\/www.dh-energy.ch\\\/en\\\/privacy-policy\\\/\",\"url\":\"https:\\\/\\\/www.dh-energy.ch\\\/en\\\/privacy-policy\\\/\",\"name\":\"Privacy Policy - DH-Energy\",\"isPartOf\":{\"@id\":\"https:\\\/\\\/www.dh-energy.ch\\\/en\\\/#website\"},\"datePublished\":\"2022-06-08T13:25:35+00:00\",\"dateModified\":\"2023-02-20T14:51:40+00:00\",\"breadcrumb\":{\"@id\":\"https:\\\/\\\/www.dh-energy.ch\\\/en\\\/privacy-policy\\\/#breadcrumb\"},\"inLanguage\":\"en-US\",\"potentialAction\":[{\"@type\":\"ReadAction\",\"target\":[\"https:\\\/\\\/www.dh-energy.ch\\\/en\\\/privacy-policy\\\/\"]}]},{\"@type\":\"BreadcrumbList\",\"@id\":\"https:\\\/\\\/www.dh-energy.ch\\\/en\\\/privacy-policy\\\/#breadcrumb\",\"itemListElement\":[{\"@type\":\"ListItem\",\"position\":1,\"name\":\"Startseite\",\"item\":\"https:\\\/\\\/www.dh-energy.ch\\\/en\\\/homepage\\\/\"},{\"@type\":\"ListItem\",\"position\":2,\"name\":\"Privacy Policy\"}]},{\"@type\":\"WebSite\",\"@id\":\"https:\\\/\\\/www.dh-energy.ch\\\/en\\\/#website\",\"url\":\"https:\\\/\\\/www.dh-energy.ch\\\/en\\\/\",\"name\":\"DH-Energy\",\"description\":\"Diego Hangartner\",\"potentialAction\":[{\"@type\":\"SearchAction\",\"target\":{\"@type\":\"EntryPoint\",\"urlTemplate\":\"https:\\\/\\\/www.dh-energy.ch\\\/en\\\/?s={search_term_string}\"},\"query-input\":{\"@type\":\"PropertyValueSpecification\",\"valueRequired\":true,\"valueName\":\"search_term_string\"}}],\"inLanguage\":\"en-US\"}]}<\/script>\n<!-- \/ Yoast SEO plugin. -->","yoast_head_json":{"title":"Privacy Policy - DH-Energy","robots":{"index":"index","follow":"follow","max-snippet":"max-snippet:-1","max-image-preview":"max-image-preview:large","max-video-preview":"max-video-preview:-1"},"canonical":"https:\/\/www.dh-energy.ch\/en\/privacy-policy\/","og_locale":"en_US","og_type":"article","og_title":"Privacy Policy - DH-Energy","og_description":"Privacy PolicyDie Adresse unserer Website ist: https:\/\/www.dh-energy.ch. Kontaktformulare Die Daten der Kontaktformulare werden verwendet, um die Kontaktaufnahme zu erm\u00f6glichen, die mitgelieferten Daten werden in keinster Weise gespeichert oder archiviert. Cookies Wenn Sie einen Kommentar auf unserer Website schreiben, kann das eine Einwilligung sein, Ihren Namen, E-Mail-Adresse und Website in Cookies zu speichern. Dies ist eine [&hellip;]","og_url":"https:\/\/www.dh-energy.ch\/en\/privacy-policy\/","og_site_name":"DH-Energy","article_modified_time":"2023-02-20T14:51:40+00:00","twitter_card":"summary_large_image","twitter_misc":{"Est. reading time":"2 minutes"},"schema":{"@context":"https:\/\/schema.org","@graph":[{"@type":"WebPage","@id":"https:\/\/www.dh-energy.ch\/en\/privacy-policy\/","url":"https:\/\/www.dh-energy.ch\/en\/privacy-policy\/","name":"Privacy Policy - DH-Energy","isPartOf":{"@id":"https:\/\/www.dh-energy.ch\/en\/#website"},"datePublished":"2022-06-08T13:25:35+00:00","dateModified":"2023-02-20T14:51:40+00:00","breadcrumb":{"@id":"https:\/\/www.dh-energy.ch\/en\/privacy-policy\/#breadcrumb"},"inLanguage":"en-US","potentialAction":[{"@type":"ReadAction","target":["https:\/\/www.dh-energy.ch\/en\/privacy-policy\/"]}]},{"@type":"BreadcrumbList","@id":"https:\/\/www.dh-energy.ch\/en\/privacy-policy\/#breadcrumb","itemListElement":[{"@type":"ListItem","position":1,"name":"Startseite","item":"https:\/\/www.dh-energy.ch\/en\/homepage\/"},{"@type":"ListItem","position":2,"name":"Privacy Policy"}]},{"@type":"WebSite","@id":"https:\/\/www.dh-energy.ch\/en\/#website","url":"https:\/\/www.dh-energy.ch\/en\/","name":"DH-Energy","description":"Diego Hangartner","potentialAction":[{"@type":"SearchAction","target":{"@type":"EntryPoint","urlTemplate":"https:\/\/www.dh-energy.ch\/en\/?s={search_term_string}"},"query-input":{"@type":"PropertyValueSpecification","valueRequired":true,"valueName":"search_term_string"}}],"inLanguage":"en-US"}]}},"_links":{"self":[{"href":"https:\/\/www.dh-energy.ch\/en\/wp-json\/wp\/v2\/pages\/1510","targetHints":{"allow":["GET"]}}],"collection":[{"href":"https:\/\/www.dh-energy.ch\/en\/wp-json\/wp\/v2\/pages"}],"about":[{"href":"https:\/\/www.dh-energy.ch\/en\/wp-json\/wp\/v2\/types\/page"}],"author":[{"embeddable":true,"href":"https:\/\/www.dh-energy.ch\/en\/wp-json\/wp\/v2\/users\/1"}],"replies":[{"embeddable":true,"href":"https:\/\/www.dh-energy.ch\/en\/wp-json\/wp\/v2\/comments?post=1510"}],"version-history":[{"count":9,"href":"https:\/\/www.dh-energy.ch\/en\/wp-json\/wp\/v2\/pages\/1510\/revisions"}],"predecessor-version":[{"id":1648,"href":"https:\/\/www.dh-energy.ch\/en\/wp-json\/wp\/v2\/pages\/1510\/revisions\/1648"}],"wp:attachment":[{"href":"https:\/\/www.dh-energy.ch\/en\/wp-json\/wp\/v2\/media?parent=1510"}],"curies":[{"name":"wp","href":"https:\/\/api.w.org\/{rel}","templated":true}]}}